{"id":151,"date":"2017-08-15T11:41:07","date_gmt":"2017-08-15T09:41:07","guid":{"rendered":"http:\/\/esn-ssii.expert-comptable.com\/?page_id=151"},"modified":"2017-10-14T08:49:28","modified_gmt":"2017-10-14T06:49:28","slug":"embauche-salaries","status":"publish","type":"page","link":"https:\/\/esn-ssii.expert-comptable.com\/index.php\/embauche-salaries\/","title":{"rendered":"Gestion des salari\u00e9s"},"content":{"rendered":"<p>Vous souhaitez d\u00e9velopper votre\u00a0Entreprise de Services du Num\u00e9rique\u00a0? Il vous faudra alors <strong>recruter des collaborateurs salari\u00e9s<\/strong> !<\/p>\n<p>La recherche des bons candidats vous incombera naturellement.<\/p>\n<h1>Quelles sont les formalit\u00e9s d\u00e9coulant de l&#8217;embauche de salari\u00e9s ?<img loading=\"lazy\" decoding=\"async\" class=\"alignright wp-image-153\" src=\"http:\/\/esn-ssii.expert-comptable.com\/wp-content\/uploads\/2017\/08\/gestion-salaries-social.png\" alt=\"ESN SSII recrute des salari\u00e9s : payes, d\u00e9clarations sociales, contr\u00f4le Urssaf g\u00e9r\u00e9s par notre cabinet d'expertise comptable situ\u00e9 sur Paris\" width=\"126\" height=\"97\" \/><\/h1>\n<p>Notre cabinet d&rsquo;expertise comptable sera \u00e0 vos c\u00f4t\u00e9s pour vous aider \u00e0 traiter certains aspects administratifs et n\u00e9anmoins essentiels :<\/p>\n<ul>\n<li>r\u00e9daction des contrats de travail<\/li>\n<li><a href=\"https:\/\/www.due.urssaf.fr\" target=\"_blank\" rel=\"noopener\">d\u00e9clarer l&#8217;embauche d&rsquo;un salari\u00e9 aupr\u00e8s de l&rsquo;Urssaf <\/a>et de la caisse de pr\u00e9voyance<\/li>\n<li>\u00e9tablissement des bulletins de payes<\/li>\n<li>d\u00e9clarations sociales (Urssaf, caisses de retraite et de pr\u00e9voyance)<\/li>\n<li>pr\u00e9paration des bordereaux de taxes sur salaires<\/li>\n<li>attestations journali\u00e8res de s\u00e9curit\u00e9 sociale (maladie, maternit\u00e9, paternit\u00e9, accident du travail)<\/li>\n<\/ul>\n<h1>Quels documents \u00e9tablir lors du d\u00e9part de salari\u00e9s ?<\/h1>\n<p>Nous prendrons \u00e9galement en charge les formalit\u00e9s administratives de fin de contrat :<\/p>\n<ul>\n<li>certificats de travail<\/li>\n<li>soldes de tout compte<\/li>\n<li>attestation P\u00f4le Emploi<\/li>\n<li>Portabilit\u00e9 pr\u00e9voyance et mutuelle<\/li>\n<\/ul>\n<h1>Autres points \u00e0 g\u00e9rer dans la gestion des salari\u00e9s<\/h1>\n<p>Nous vous assisterons et vous conseillerons dans d&rsquo;autres aspects du Droit Social, naturellement dans le respect de la convention collective applicable \u00e0 votre secteur d&rsquo;activit\u00e9, \u00e0 savoir celle \u00ab\u00a0des bureaux d\u2019\u00e9tudes techniques, des cabinets d\u2019ing\u00e9nieurs conseils et des soci\u00e9t\u00e9s de conseil\u00a0\u00bb (SYNTEC) du 15\/12\/1987 (IDCC 1486) (Etendue par arr\u00eat\u00e9 du 13 avril 1988) :<\/p>\n<ul>\n<li>gestion des cong\u00e9s pay\u00e9s ou des rtt<\/li>\n<li>sanctions disciplinaires<\/li>\n<li>licenciements, ruptures conventionnelles<\/li>\n<li>relations avec l&rsquo;Urssaf, P\u00f4le Emploi, les caisses de retraite et de pr\u00e9voyance<\/li>\n<li>\u00e9lections de <a href=\"http:\/\/esn-ssii.expert-comptable.com\/index.php\/2017\/08\/26\/delegue-du-personnel\/\">d\u00e9l\u00e9gu\u00e9s du personnel<\/a><\/li>\n<\/ul>\n<p>Naturellement, nous serons \u00e0 vos c\u00f4t\u00e9s lorsqu&rsquo;il s&rsquo;agira de vous d\u00e9fendre au cours des contr\u00f4les Urssaf qui ne manqueront pas de toucher votre soci\u00e9t\u00e9. La r\u00e9duction des risques inh\u00e9rents au recrutement de salari\u00e9s sera pr\u00e9sente dans les conseils que nous vous donnerons. Vous prendrez ainsi vos d\u00e9cisions en toute connaissance des textes juridiques qui encadrent la gestion sociale.<\/p>\n<p>Certaines situations pourront, occasionnellement, n\u00e9cessiter l&rsquo;intervention d&rsquo;un avocat sp\u00e9cialis\u00e9 en Droit social. Aussi, nous serons \u00e0 m\u00eame de vous prescrire un intervenant efficace. Avec la lev\u00e9e du secret professionnel auquel nous sommes tr\u00e8s attach\u00e9s, nous pourrons \u00e9changer avec cet avocat (ou un autre que vous aurez choisi) dans un souci d&rsquo;efficacit\u00e9 !<\/p>\n<p>&nbsp;<\/p>\n<p><strong>Ainsi, notre cabinet d&rsquo;expertise comptable situ\u00e9 sur Paris, sp\u00e9cialis\u00e9 dans le secteur des soci\u00e9t\u00e9s de services d&rsquo;ing\u00e9nierie informatique ESN \/ SSII, vous conseillera en mati\u00e8re sociale d\u00e8s la cr\u00e9ation de votre soci\u00e9t\u00e9 et r\u00e9pondra \u00e0 vos besoins administratifs dans une optique de r\u00e9duction des risques et d&rsquo;optimisation fiscale et sociale.<\/strong><\/p>\n<p>&nbsp;<\/p>\n<p>&nbsp;<\/p>\n","protected":false},"excerpt":{"rendered":"<p>Vous souhaitez d\u00e9velopper votre\u00a0Entreprise de Services du Num\u00e9rique\u00a0? Il vous faudra alors recruter des collaborateurs salari\u00e9s ! La recherche des bons candidats vous incombera naturellement. Quelles sont les formalit\u00e9s d\u00e9coulant de l&#8217;embauche de salari\u00e9s ? Notre cabinet d&rsquo;expertise comptable sera \u00e0 vos c\u00f4t\u00e9s pour vous aider \u00e0 traiter certains aspects administratifs et n\u00e9anmoins essentiels : &hellip; <\/p>\n<p class=\"link-more\"><a href=\"https:\/\/esn-ssii.expert-comptable.com\/index.php\/embauche-salaries\/\" class=\"more-link\">Continuer la lecture<span class=\"screen-reader-text\"> de &laquo;&nbsp;Gestion des salari\u00e9s&nbsp;&raquo;<\/span><\/a><\/p>\n","protected":false},"author":2,"featured_media":0,"parent":0,"menu_order":0,"comment_status":"open","ping_status":"closed","template":"","meta":{"footnotes":""},"yst_prominent_words":[45,34,31,100,25,109,108,35,103,113,85,116,102,104,101,99,107,53,105,106],"class_list":["post-151","page","type-page","status-publish","hentry"],"_links":{"self":[{"href":"https:\/\/esn-ssii.expert-comptable.com\/index.php\/wp-json\/wp\/v2\/pages\/151","targetHints":{"allow":["GET"]}}],"collection":[{"href":"https:\/\/esn-ssii.expert-comptable.com\/index.php\/wp-json\/wp\/v2\/pages"}],"about":[{"href":"https:\/\/esn-ssii.expert-comptable.com\/index.php\/wp-json\/wp\/v2\/types\/page"}],"author":[{"embeddable":true,"href":"https:\/\/esn-ssii.expert-comptable.com\/index.php\/wp-json\/wp\/v2\/users\/2"}],"replies":[{"embeddable":true,"href":"https:\/\/esn-ssii.expert-comptable.com\/index.php\/wp-json\/wp\/v2\/comments?post=151"}],"version-history":[{"count":18,"href":"https:\/\/esn-ssii.expert-comptable.com\/index.php\/wp-json\/wp\/v2\/pages\/151\/revisions"}],"predecessor-version":[{"id":509,"href":"https:\/\/esn-ssii.expert-comptable.com\/index.php\/wp-json\/wp\/v2\/pages\/151\/revisions\/509"}],"wp:attachment":[{"href":"https:\/\/esn-ssii.expert-comptable.com\/index.php\/wp-json\/wp\/v2\/media?parent=151"}],"wp:term":[{"taxonomy":"yst_prominent_words","embeddable":true,"href":"https:\/\/esn-ssii.expert-comptable.com\/index.php\/wp-json\/wp\/v2\/yst_prominent_words?post=151"}],"curies":[{"name":"wp","href":"https:\/\/api.w.org\/{rel}","templated":true}]}}