{"id":159,"date":"2017-08-15T12:22:00","date_gmt":"2017-08-15T10:22:00","guid":{"rendered":"http:\/\/esn-ssii.expert-comptable.com\/?page_id=159"},"modified":"2025-03-26T08:48:56","modified_gmt":"2025-03-26T07:48:56","slug":"comptabilite-generale-analytique","status":"publish","type":"page","link":"https:\/\/esn-ssii.expert-comptable.com\/index.php\/comptabilite-generale-analytique\/","title":{"rendered":"Comptabilit\u00e9"},"content":{"rendered":"<p>La <strong>comptabilit\u00e9<\/strong> ? L&rsquo;un des premiers enjeux auxquels vous serez confront\u00e9 d\u00e8s la cr\u00e9ation de votre soci\u00e9t\u00e9 !<img loading=\"lazy\" decoding=\"async\" class=\" wp-image-166 alignright\" src=\"https:\/\/esn-ssii.expert-comptable.com\/wp-content\/uploads\/2017\/08\/tenue-comptabilite-300x201.jpg\" alt=\"tenue revision comptabilite bilan\" width=\"125\" height=\"84\" srcset=\"https:\/\/esn-ssii.expert-comptable.com\/wp-content\/uploads\/2017\/08\/tenue-comptabilite-300x201.jpg 300w, https:\/\/esn-ssii.expert-comptable.com\/wp-content\/uploads\/2017\/08\/tenue-comptabilite.jpg 533w\" sizes=\"auto, (max-width: 125px) 100vw, 125px\" \/><\/p>\n<p>Notre cabinet d&rsquo;expertise comptable, sp\u00e9cialis\u00e9 dans le secteur des Entreprises de Services du Num\u00e9rique (ESN \/ SSII),\u00a0saura r\u00e9pondre \u00e0 vos besoins !<\/p>\n<h1>Mission de tenue de comptabilit\u00e9<\/h1>\n<p>Vous nous confierez ainsi la <strong>tenue comptable et l&rsquo;\u00e9tablissement des comptes annuels<\/strong> de votre soci\u00e9t\u00e9.<\/p>\n<p>Les pi\u00e8ces comptables nous seront transmises mensuellement afin de nous permettre d&rsquo;\u00e9tablir notamment la d\u00e9claration mensuelle de TVA.<\/p>\n<p>Cette transmission d&rsquo;\u00e9l\u00e9ments pourra \u00eatre effectu\u00e9e \u00e0 votre convenance :<\/p>\n<ul>\n<li>au travers d&rsquo;<strong>outils digitaux<\/strong><\/li>\n<li>d\u00e9p\u00f4t dans une Dropbox (ou \u00e9quivalent)<\/li>\n<li>transmission par mail<\/li>\n<li>d\u00e9placement du collaborateur attach\u00e9 \u00e0 votre dossier en vos locaux; les pi\u00e8ces seront alors trait\u00e9es chez vous.<\/li>\n<\/ul>\n<p>Le collaborateur\u00a0saisira les pi\u00e8ces comptables et effectuera les d\u00e9clarations fiscales dans les d\u00e9lais impartis. Les points en suspens feront l&rsquo;objet d&rsquo;\u00e9changes r\u00e9guli\u00e8rement afin que les comptes soient propres et permettent d&rsquo;\u00e9tablir le bilan annuel avec r\u00e9activit\u00e9.<\/p>\n<p>Afin que ce travail permanent ne soit pas opaque, nous pourrons vous faire un retour p\u00e9riodique d&rsquo;\u00e9tats comptables :<\/p>\n<ul>\n<li>envoi des grands livres au format pdf ou excel par mail<\/li>\n<li>ouverture d&rsquo;un <strong>acc\u00e8s distant \u00e0 votre comptabilit\u00e9<\/strong> (mode SAAS) en lecture\u00a0seule\u00a0afin de vous permettre de consulter \u00e0 votre guise votre dossier<\/li>\n<\/ul>\n<h1>Mission de r\u00e9vision comptable<\/h1>\n<p>Nous pouvons \u00e9galement vous proposer une mission de <strong>r\u00e9vision comptable<\/strong>. Dans cette situation, votre soci\u00e9t\u00e9 tient elle-m\u00eame sa comptabilit\u00e9 (\u00e9ventuellement sur notre logiciel en mode SAAS). Puis, nous proc\u00e9dons \u00e0 son contr\u00f4le avant d&rsquo;\u00e9tablir les comptes annuels.<\/p>\n<h1>Comptabilit\u00e9 analytique<\/h1>\n<p>La mise en place d&rsquo;une <strong>comptabilit\u00e9 analytique<\/strong> vous permettra de conna\u00eetre la rentabilit\u00e9 de chaque contrat. Les collaborateurs et les sous-traitants seront ainsi affect\u00e9s \u00e0 une mission selon leur temps de travail tandis que les autres frais seront r\u00e9partis selon des cl\u00e9s que nous d\u00e9finirons ensemble.<\/p>\n<p>Vous b\u00e9n\u00e9ficierez ainsi d&rsquo;une vision claire et synth\u00e9tique qui vous permettra de g\u00e9rer efficacement la relation commerciale !<\/p>\n<h1>Autres outils comptables<\/h1>\n<p>Par ailleurs, outre le bilan annuel rendu l\u00e9galement indispensable, nous pourrons, si vous le d\u00e9sirez, \u00e9tablir des <strong>arr\u00eat\u00e9s comptables interm\u00e9diaires<\/strong> (\u00ab\u00a0situations comptables\u00a0\u00bb). Ils vous permettront de conna\u00eetre en cours d&rsquo;ann\u00e9e les performances de votre soci\u00e9t\u00e9 et de permettre, le cas \u00e9ch\u00e9ant, des optimisations \u00e9ventuelles.<\/p>\n<p>Des <strong>tableaux de bord<\/strong> pourront \u00e9galement \u00eatre \u00e9tablis en fonction de vos attentes.<\/p>\n<p><strong>En d\u00e9finitive, notre cabinet d&rsquo;expertise comptable, sp\u00e9cialis\u00e9 votre secteur d&rsquo;activit\u00e9, celui des services informatiques, saura r\u00e9pondre \u00e0 vos attentes et vous proposer des outils de gestion indispensables au pilotage de votre soci\u00e9t\u00e9 !<\/strong><\/p>\n","protected":false},"excerpt":{"rendered":"<p>La comptabilit\u00e9 ? L&rsquo;un des premiers enjeux auxquels vous serez confront\u00e9 d\u00e8s la cr\u00e9ation de votre soci\u00e9t\u00e9 ! Notre cabinet d&rsquo;expertise comptable, sp\u00e9cialis\u00e9 dans le secteur des Entreprises de Services du Num\u00e9rique (ESN \/ SSII),\u00a0saura r\u00e9pondre \u00e0 vos besoins ! Mission de tenue de comptabilit\u00e9 Vous nous confierez ainsi la tenue comptable et l&rsquo;\u00e9tablissement des &hellip; <\/p>\n<p class=\"link-more\"><a href=\"https:\/\/esn-ssii.expert-comptable.com\/index.php\/comptabilite-generale-analytique\/\" class=\"more-link\">Continuer la lecture<span class=\"screen-reader-text\"> de &laquo;&nbsp;Comptabilit\u00e9&nbsp;&raquo;<\/span><\/a><\/p>\n","protected":false},"author":2,"featured_media":0,"parent":0,"menu_order":0,"comment_status":"open","ping_status":"closed","template":"","meta":{"footnotes":""},"yst_prominent_words":[],"class_list":["post-159","page","type-page","status-publish","hentry"],"_links":{"self":[{"href":"https:\/\/esn-ssii.expert-comptable.com\/index.php\/wp-json\/wp\/v2\/pages\/159","targetHints":{"allow":["GET"]}}],"collection":[{"href":"https:\/\/esn-ssii.expert-comptable.com\/index.php\/wp-json\/wp\/v2\/pages"}],"about":[{"href":"https:\/\/esn-ssii.expert-comptable.com\/index.php\/wp-json\/wp\/v2\/types\/page"}],"author":[{"embeddable":true,"href":"https:\/\/esn-ssii.expert-comptable.com\/index.php\/wp-json\/wp\/v2\/users\/2"}],"replies":[{"embeddable":true,"href":"https:\/\/esn-ssii.expert-comptable.com\/index.php\/wp-json\/wp\/v2\/comments?post=159"}],"version-history":[{"count":23,"href":"https:\/\/esn-ssii.expert-comptable.com\/index.php\/wp-json\/wp\/v2\/pages\/159\/revisions"}],"predecessor-version":[{"id":738,"href":"https:\/\/esn-ssii.expert-comptable.com\/index.php\/wp-json\/wp\/v2\/pages\/159\/revisions\/738"}],"wp:attachment":[{"href":"https:\/\/esn-ssii.expert-comptable.com\/index.php\/wp-json\/wp\/v2\/media?parent=159"}],"wp:term":[{"taxonomy":"yst_prominent_words","embeddable":true,"href":"https:\/\/esn-ssii.expert-comptable.com\/index.php\/wp-json\/wp\/v2\/yst_prominent_words?post=159"}],"curies":[{"name":"wp","href":"https:\/\/api.w.org\/{rel}","templated":true}]}}