{"id":171,"date":"2017-08-15T13:10:05","date_gmt":"2017-08-15T11:10:05","guid":{"rendered":"http:\/\/esn-ssii.expert-comptable.com\/?page_id=171"},"modified":"2017-10-14T08:48:01","modified_gmt":"2017-10-14T06:48:01","slug":"creer-societe-sarl-sas-eurl-sasu","status":"publish","type":"page","link":"https:\/\/esn-ssii.expert-comptable.com\/index.php\/creer-societe-sarl-sas-eurl-sasu\/","title":{"rendered":"Cr\u00e9ation de soci\u00e9t\u00e9"},"content":{"rendered":"<p>Vous souhaitez <strong>cr\u00e9er une soci\u00e9t\u00e9<\/strong> pour lancer votre projet de services informatiques ?<img loading=\"lazy\" decoding=\"async\" class=\"alignright wp-image-176\" src=\"http:\/\/esn-ssii.expert-comptable.com\/wp-content\/uploads\/2017\/08\/creation-de-societe.png\" alt=\"cr\u00e9er sa societe SSII ESN sarl eurl sas sasu\" width=\"125\" height=\"88\" \/><\/p>\n<h1>Comment choisir entre la SARL et la SAS ? Quelle soci\u00e9t\u00e9 cr\u00e9er ?<\/h1>\n<p>Plusieurs\u00a0formes juridiques s&rsquo;offrent \u00e0 vous !<\/p>\n<p>Ainsi, les structures les plus fr\u00e9quemment choisies sont :<\/p>\n<ul>\n<li>la SAS ou SASU (soci\u00e9t\u00e9 par actions simplifi\u00e9e),<\/li>\n<li>la <a href=\"http:\/\/esn-ssii.expert-comptable.com\/index.php\/creer-societe-sarl-sas-eurl-sasu\/sarl-eurl-paris-societe\/\">SARL ou EURL <\/a>(soci\u00e9t\u00e9 \u00e0 responsabilit\u00e9 limit\u00e9e)<\/li>\n<\/ul>\n<p>Pour m\u00e9moire, d&rsquo;autres sont \u00e9galement disponibles, \u00e0 savoir notamment :<\/p>\n<ul>\n<li>l&rsquo;EI (entreprise individuelle),<\/li>\n<li>l&rsquo;EIRL (entreprise individuelle \u00e0 responsabilit\u00e9 limit\u00e9e),<\/li>\n<li>la SNC (soci\u00e9t\u00e9 en nom collectif).<\/li>\n<\/ul>\n<p>Le choix de la forme juridique devra \u00eatre effectu\u00e9 selon plusieurs crit\u00e8res. Parmi ceux-ci :<\/p>\n<ul>\n<li>le chiffre d&rsquo;affaires projet\u00e9<\/li>\n<li>les perspectives de recrutement de collaborateurs<\/li>\n<li>le nombre d&rsquo;associ\u00e9s<\/li>\n<li>la n\u00e9cessit\u00e9 \u00e9ventuelle de r\u00e9diger un pacte d&rsquo;associ\u00e9s<\/li>\n<li>la responsabilit\u00e9 du dirigeant et des associ\u00e9s<\/li>\n<li>votre r\u00e9gime matrimonial<\/li>\n<li>le statut social du dirigeant (assimil\u00e9 salari\u00e9 \/ <a href=\"http:\/\/esn-ssii.expert-comptable.com\/index.php\/gerant-tns-rsi-cipav\/\" target=\"_blank\" rel=\"noopener\">travailleur non salari\u00e9 TNS RSI CIPAV<\/a>)<\/li>\n<li>la protection du conjoint et des descendants<\/li>\n<li>la filialisation de la soci\u00e9t\u00e9<\/li>\n<li>la taxation des dividendes futurs<\/li>\n<li>le r\u00e9gime fiscal de la soci\u00e9t\u00e9 (imp\u00f4t sur le revenu \/ imp\u00f4t sur les soci\u00e9t\u00e9s)<\/li>\n<li>l&rsquo;image donn\u00e9e aux tiers (clients, fournisseurs, banquiers)<\/li>\n<\/ul>\n<p><strong>Cependant, seul un entretien au cours duquel votre projet, votre profil et votre situation familiale seront \u00e9voqu\u00e9s permettra de faire le bon choix.<\/strong> Ne vous laissez pas influencer et ne cherchez pas \u00e0 imiter un ami ou un contact professionnel, m\u00eame si \u00e9changer avec ces derniers est souvent profitable. <strong>La d\u00e9termination de la forme juridique qui vous convient est n\u00e9cessairement bas\u00e9e sur des \u00e9l\u00e9ments objectifs et personnels.<\/strong><\/p>\n<p>Enfin, un <a href=\"http:\/\/esn-ssii.expert-comptable.com\/index.php\/gestion-bfr-previsions-tableaux-bord\/business-plan\/\">business-plan<\/a> m\u00e9ritera d&rsquo;\u00eatre \u00e9tabli afin d&rsquo;avoir une vision comptable, sociale,\u00a0 fiscale et financi\u00e8re plus pr\u00e9cise; et ce, avant les formalit\u00e9s de cr\u00e9ation de votre soci\u00e9t\u00e9.<\/p>\n<h1>Y aurait-il un int\u00e9r\u00eat \u00e0 cr\u00e9er une soci\u00e9t\u00e9 holding ?<\/h1>\n<p>Dans le cas d&rsquo;un projet plus vaste, la constitution imm\u00e9diate ou future d&rsquo;une soci\u00e9t\u00e9 holding devra \u00eatre \u00e9voqu\u00e9e. Des avantages fiscaux, sociaux et financiers pourraient en d\u00e9couler et permettre, une fois la structure financi\u00e8re de la soci\u00e9t\u00e9 de services informatiques satisfaisante, d&rsquo;envisager d&rsquo;autres investissements.<\/p>\n<p>Par exemple, on pourrait imaginer que la soci\u00e9t\u00e9 holding r\u00e9investisse les dividendes futurs provenant de la soci\u00e9t\u00e9 de services informatiques. Ce r\u00e9investissement se ferait, soit directement dans la soci\u00e9t\u00e9 holding, soit dans une filiale (par exemple une soci\u00e9t\u00e9 civile immobili\u00e8re \u00ab\u00a0sci\u00a0\u00bb). Le recours \u00e0 l&#8217;emprunt permettrait de profiter d&rsquo;un effet de levier !<\/p>\n<p>&nbsp;<\/p>\n<p><strong>Notre cabinet d&rsquo;expertise comptable et de commissariat aux comptes, sp\u00e9cialis\u00e9 dans le secteur des Entreprises de Services du Num\u00e9rique, saura vous assister dans cette d\u00e9marche personnelle et vous aider \u00e0 prendre LA bonne d\u00e9cision !<\/strong><\/p>\n<p>&nbsp;<\/p>\n","protected":false},"excerpt":{"rendered":"<p>Vous souhaitez cr\u00e9er une soci\u00e9t\u00e9 pour lancer votre projet de services informatiques ? Comment choisir entre la SARL et la SAS ? Quelle soci\u00e9t\u00e9 cr\u00e9er ? Plusieurs\u00a0formes juridiques s&rsquo;offrent \u00e0 vous ! Ainsi, les structures les plus fr\u00e9quemment choisies sont : la SAS ou SASU (soci\u00e9t\u00e9 par actions simplifi\u00e9e), la SARL ou EURL (soci\u00e9t\u00e9 \u00e0 &hellip; <\/p>\n<p class=\"link-more\"><a href=\"https:\/\/esn-ssii.expert-comptable.com\/index.php\/creer-societe-sarl-sas-eurl-sasu\/\" class=\"more-link\">Continuer la lecture<span class=\"screen-reader-text\"> de &laquo;&nbsp;Cr\u00e9ation de soci\u00e9t\u00e9&nbsp;&raquo;<\/span><\/a><\/p>\n","protected":false},"author":2,"featured_media":0,"parent":0,"menu_order":0,"comment_status":"open","ping_status":"closed","template":"","meta":{"footnotes":""},"yst_prominent_words":[78,79,58,75,59,50,51,74,56,57,52,54,49,71,72,53,48,77,76,73],"class_list":["post-171","page","type-page","status-publish","hentry"],"_links":{"self":[{"href":"https:\/\/esn-ssii.expert-comptable.com\/index.php\/wp-json\/wp\/v2\/pages\/171","targetHints":{"allow":["GET"]}}],"collection":[{"href":"https:\/\/esn-ssii.expert-comptable.com\/index.php\/wp-json\/wp\/v2\/pages"}],"about":[{"href":"https:\/\/esn-ssii.expert-comptable.com\/index.php\/wp-json\/wp\/v2\/types\/page"}],"author":[{"embeddable":true,"href":"https:\/\/esn-ssii.expert-comptable.com\/index.php\/wp-json\/wp\/v2\/users\/2"}],"replies":[{"embeddable":true,"href":"https:\/\/esn-ssii.expert-comptable.com\/index.php\/wp-json\/wp\/v2\/comments?post=171"}],"version-history":[{"count":26,"href":"https:\/\/esn-ssii.expert-comptable.com\/index.php\/wp-json\/wp\/v2\/pages\/171\/revisions"}],"predecessor-version":[{"id":511,"href":"https:\/\/esn-ssii.expert-comptable.com\/index.php\/wp-json\/wp\/v2\/pages\/171\/revisions\/511"}],"wp:attachment":[{"href":"https:\/\/esn-ssii.expert-comptable.com\/index.php\/wp-json\/wp\/v2\/media?parent=171"}],"wp:term":[{"taxonomy":"yst_prominent_words","embeddable":true,"href":"https:\/\/esn-ssii.expert-comptable.com\/index.php\/wp-json\/wp\/v2\/yst_prominent_words?post=171"}],"curies":[{"name":"wp","href":"https:\/\/api.w.org\/{rel}","templated":true}]}}