{"id":2,"date":"2017-04-07T20:04:42","date_gmt":"2017-04-07T18:04:42","guid":{"rendered":"http:\/\/esn-ssii.expert-comptable.com\/?page_id=2"},"modified":"2017-10-14T08:48:45","modified_gmt":"2017-10-14T06:48:45","slug":"gestion-bfr-previsions-tableaux-bord","status":"publish","type":"page","link":"https:\/\/esn-ssii.expert-comptable.com\/index.php\/gestion-bfr-previsions-tableaux-bord\/","title":{"rendered":"Gestion d&rsquo;entreprise"},"content":{"rendered":"<p>En raison de la multitude de t\u00e2ches \u00e0 effectuer, vous devrez vous entourer de collaborateurs comp\u00e9tents et recourir \u00e0 des tiers performants pour vous assister dans la <b>gestion de <\/b><b>votre soci\u00e9t\u00e9<\/b>.<img loading=\"lazy\" decoding=\"async\" class=\"alignright wp-image-128\" src=\"http:\/\/esn-ssii.expert-comptable.com\/wp-content\/uploads\/2017\/04\/chef-d-orchestre.jpg\" alt=\"gestion pilot\u00e9e d'une soci\u00e9t\u00e9 de services informatiques SSII ESN par un cabinet d'expertise comptable Paris\" width=\"125\" height=\"105\" \/><\/p>\n<p>En effet, un dirigeant de soci\u00e9t\u00e9 est un chef d&rsquo;orchestre !<\/p>\n<h1>Quels sont les outils de gestion pour ma soci\u00e9t\u00e9 de services informatiques ?<\/h1>\n<p>Afin de prendre les bonnes d\u00e9cisions, il vous faudra b\u00e9n\u00e9ficier de conseils avis\u00e9s et d&rsquo;outils de gestion :<\/p>\n<ul>\n<li>prix de revient journalier,<\/li>\n<li>besoin en fonds de roulement normatif (c&rsquo;est \u00e0 dire en jours de chiffre d&rsquo;affaires ht),<\/li>\n<li>tableau de tr\u00e9sorerie pr\u00e9visionnelle,<\/li>\n<li>situations comptables interm\u00e9diaires,<\/li>\n<li>tableaux de bord p\u00e9riodiques bas\u00e9s sur la comptabilit\u00e9 analytique,<\/li>\n<li>gestion des notes de frais,<\/li>\n<li>reporting mensuel : pour surveiller l&rsquo;\u00e9volution de la marge brute,<\/li>\n<li><a href=\"http:\/\/esn-ssii.expert-comptable.com\/index.php\/gestion-bfr-previsions-tableaux-bord\/business-plan\/\" target=\"_blank\" rel=\"noopener\">Le business-plan d&rsquo;une ESN \/ SSII<\/a>&#8230;<\/li>\n<\/ul>\n<h1>Anticiper des besoins financiers gr\u00e2ce \u00e0 une gestion pilot\u00e9e<\/h1>\n<p>En outre, le d\u00e9veloppement de votre soci\u00e9t\u00e9 pourra n\u00e9cessiter des besoins financiers significatifs.\u00a0 En effet, il est habituel que le recrutement d&rsquo;un nouveau collaborateur implique un besoin en financement de 2 \u00e0 4 mois de salaire (temps d&rsquo;int\u00e9gration, de formation \u00e9ventuelle, d\u00e9lai de paiement du client chez qui sera affect\u00e9 la nouvelle recrue&#8230;).<\/p>\n<p>Recourir \u00e0 l&#8217;emprunt bancaire ou au financement du besoin en fonds de roulement deviendra alors une n\u00e9cessit\u00e9 absolue \u00e0 sa croissance. D\u00e9velopper sa soci\u00e9t\u00e9 sans conseil ou outil de gestion pourrait aboutir \u00e0 une perte de performance ! L&rsquo;\u00e9tablissement d&rsquo;outils de pr\u00e9visions financi\u00e8res vous permettra de prendre des d\u00e9cisions fiables et objectives.<\/p>\n<p>Les cons\u00e9quences financi\u00e8res d&rsquo;un exc\u00e8s d&rsquo;inter-contrats peuvent \u00eatre redoutables. ll vous faudra les anticiper et g\u00e9rer les cons\u00e9quences directes sur votre tr\u00e9sorerie gr\u00e2ce notamment \u00e0 des tableaux de tr\u00e9sorerie.<\/p>\n<h1>Comment se prot\u00e9ger en cas de recours \u00e0 la sous-traitance ?<\/h1>\n<p>Enfin, le recours \u00e0 la sous-traitance s&rsquo;av\u00e8re fr\u00e9quent dans votre secteur d&rsquo;activit\u00e9. Il est toutefois indispensable de respecter une m\u00e9thodologie pr\u00e9cise afin de r\u00e9duire les risques fiscaux et sociaux en d\u00e9coulant. Les cons\u00e9quences douloureuses d&rsquo;une gestion l\u00e9g\u00e8re ne se feront sentir que quelques ann\u00e9es plus tard, \u00e0 l&rsquo;occasion d&rsquo;un contr\u00f4le fiscal ou Urssaf&#8230; alors qu&rsquo;il est naturellement possible de r\u00e9duire les risques :<\/p>\n<ul>\n<li>s&rsquo;assurer de l&rsquo;immatriculation de son sous-traitant<\/li>\n<li>s&rsquo;assurer que le sous-traitant est \u00e0 jour de ses obligations fiscales et sociales<\/li>\n<li>\u00e9viter tout lien de subordination juridique<\/li>\n<li>signer un contrat commercial<\/li>\n<\/ul>\n<p>&nbsp;<\/p>\n<p><strong>Notre cabinet d&rsquo;expertise comptable situ\u00e9 sur Paris, sp\u00e9cialis\u00e9 dans le secteur d&rsquo;activit\u00e9 des soci\u00e9t\u00e9s de services en ing\u00e9nierie informatique SSII\/ESN, saura vous assister efficacement dans ces diff\u00e9rents domaines de la gestion d&rsquo;entreprise.<\/strong><\/p>\n<p>&nbsp;<\/p>\n","protected":false},"excerpt":{"rendered":"<p>En raison de la multitude de t\u00e2ches \u00e0 effectuer, vous devrez vous entourer de collaborateurs comp\u00e9tents et recourir \u00e0 des tiers performants pour vous assister dans la gestion de votre soci\u00e9t\u00e9. En effet, un dirigeant de soci\u00e9t\u00e9 est un chef d&rsquo;orchestre ! Quels sont les outils de gestion pour ma soci\u00e9t\u00e9 de services informatiques ? &hellip; <\/p>\n<p class=\"link-more\"><a href=\"https:\/\/esn-ssii.expert-comptable.com\/index.php\/gestion-bfr-previsions-tableaux-bord\/\" class=\"more-link\">Continuer la lecture<span class=\"screen-reader-text\"> de &laquo;&nbsp;Gestion d&rsquo;entreprise&nbsp;&raquo;<\/span><\/a><\/p>\n","protected":false},"author":2,"featured_media":0,"parent":0,"menu_order":0,"comment_status":"open","ping_status":"closed","template":"","meta":{"footnotes":""},"yst_prominent_words":[91,86,81,80,97,88,95,93,16,94,82,85,92,90,98,83,84,53,12,87],"class_list":["post-2","page","type-page","status-publish","hentry"],"_links":{"self":[{"href":"https:\/\/esn-ssii.expert-comptable.com\/index.php\/wp-json\/wp\/v2\/pages\/2","targetHints":{"allow":["GET"]}}],"collection":[{"href":"https:\/\/esn-ssii.expert-comptable.com\/index.php\/wp-json\/wp\/v2\/pages"}],"about":[{"href":"https:\/\/esn-ssii.expert-comptable.com\/index.php\/wp-json\/wp\/v2\/types\/page"}],"author":[{"embeddable":true,"href":"https:\/\/esn-ssii.expert-comptable.com\/index.php\/wp-json\/wp\/v2\/users\/2"}],"replies":[{"embeddable":true,"href":"https:\/\/esn-ssii.expert-comptable.com\/index.php\/wp-json\/wp\/v2\/comments?post=2"}],"version-history":[{"count":27,"href":"https:\/\/esn-ssii.expert-comptable.com\/index.php\/wp-json\/wp\/v2\/pages\/2\/revisions"}],"predecessor-version":[{"id":499,"href":"https:\/\/esn-ssii.expert-comptable.com\/index.php\/wp-json\/wp\/v2\/pages\/2\/revisions\/499"}],"wp:attachment":[{"href":"https:\/\/esn-ssii.expert-comptable.com\/index.php\/wp-json\/wp\/v2\/media?parent=2"}],"wp:term":[{"taxonomy":"yst_prominent_words","embeddable":true,"href":"https:\/\/esn-ssii.expert-comptable.com\/index.php\/wp-json\/wp\/v2\/yst_prominent_words?post=2"}],"curies":[{"name":"wp","href":"https:\/\/api.w.org\/{rel}","templated":true}]}}