{"id":417,"date":"2017-08-25T19:57:05","date_gmt":"2017-08-25T17:57:05","guid":{"rendered":"http:\/\/esn-ssii.expert-comptable.com\/?page_id=417"},"modified":"2025-03-26T08:47:08","modified_gmt":"2025-03-26T07:47:08","slug":"expert-comptable","status":"publish","type":"page","link":"https:\/\/esn-ssii.expert-comptable.com\/","title":{"rendered":"Le cabinet"},"content":{"rendered":"<div id=\"pl-417\"  class=\"panel-layout\" ><div id=\"pg-417-0\"  class=\"panel-grid panel-no-style\" ><div id=\"pgc-417-0-0\"  class=\"panel-grid-cell\" ><div id=\"panel-417-0-0-0\" class=\"so-panel widget widget_text panel-first-child\" data-index=\"0\" >\t\t\t<div class=\"textwidget\"><h1>Le cabinet d\u2019expertise comptable et d\u2019audit<\/h1>\n<p><strong>AB EXPERTISE COMPTABLE<\/strong> est une soci\u00e9t\u00e9 ind\u00e9pendante d\u2019expertise comptable et de commissariat aux comptes qui s\u2019affirme comme un\u00a0<strong>partenaire privil\u00e9gi\u00e9<\/strong>\u00a0de ses clients.<\/p>\n<p><strong>Avec une \u00e9quipe compos\u00e9e d&rsquo;environ 20 collaborateurs<\/strong>, dans un unique emplacement situ\u00e9 \u00e0 Paris, notre cabinet d&rsquo;expertise comptable vous apportera un service de qualit\u00e9, parfaitement adapt\u00e9 \u00e0 vos besoins.<\/p>\n<p>Nous accompagnons les dirigeants d\u2019entreprises, les investisseurs et les directions comptables et financi\u00e8res.<\/p>\n<p><strong>Exp\u00e9riment\u00e9s<\/strong>, l\u2019expert-comptable et ses collaborateurs interviennent au cours des diff\u00e9rentes \u00e9tapes de la vie des petites et moyennes entreprises.<\/p>\n<p>R\u00e9guli\u00e8rement form\u00e9es, nos \u00e9quipes r\u00e9pondent \u00e0 toutes les questions d\u2019ordre comptable, juridique, fiscal, et social. Elles apportent un savoir-faire de qualit\u00e9 qui participe \u00e0 la satisfaction des dirigeants. Nos \u00e9quipes sont compos\u00e9es de chefs de mission et d\u2019assistants. Chaque dossier est supervis\u00e9 par l\u2019expert-comptable et\/ou un chef de mission. Le cabinet garantit ainsi une performance et une s\u00e9curit\u00e9 optimales sur l\u2019ensemble de ses dossiers.<\/p>\n<p>Selon vos besoins et si cela s\u2019av\u00e8re n\u00e9cessaire, nous saurons intervenir avec des avocats sp\u00e9cialis\u00e9s, des assureurs ou des banquiers, pour vous proposer des solutions personnalis\u00e9es et performantes dans le respect de vos int\u00e9r\u00eats. Il est en effet indispensable que vous b\u00e9n\u00e9ficiiez d\u2019une expertise globale afin que vos d\u00e9cisions soient prises dans des conditions s\u00e9curis\u00e9es.<\/p>\n<p>Nous nous int\u00e9ressons aux nouvelles technologiques, notamment aux <strong>crypto monnaies<\/strong> (Bitcoin, Ethereum, Cardano, Solana&#8230;), dont nous suivons l&rsquo;actualit\u00e9 et l&rsquo;\u00e9volution des techniques de comptabilisation.<\/p>\n<p>Enfin, nous mettrons\u00a0 \u00e0 votre disposition un <strong>outil moderne et efficace de d\u00e9p\u00f4t de documents comptables<\/strong>. Cette application r\u00e9pond d\u00e8s \u00e0 pr\u00e9sent aux normes relatives \u00e0 la<strong> facturation \u00e9lectronique<\/strong>.<\/p>\n<p><strong>En d\u00e9finitive, nous vous proposons une assistance compl\u00e8te en mati\u00e8re comptable, fiscale, sociale, juridique et financi\u00e8re<\/strong>.<\/p>\n<p><strong>Contactez-nous pour \u00e9voquer vos projets ! Nous vous recevrons rapidement dans nos locaux parisiens !<\/strong><\/p>\n<\/div>\n\t\t<\/div><div id=\"panel-417-0-0-1\" class=\"so-panel widget panel-last-child\" data-index=\"1\" ><\/div><\/div><\/div><\/div>","protected":false},"excerpt":{"rendered":"<p>Le cabinet d\u2019expertise comptable et d\u2019audit AB EXPERTISE COMPTABLE est une soci\u00e9t\u00e9 ind\u00e9pendante d\u2019expertise comptable et de commissariat aux comptes qui s\u2019affirme comme un\u00a0partenaire privil\u00e9gi\u00e9\u00a0de ses clients. Avec une \u00e9quipe compos\u00e9e d&rsquo;environ 20 collaborateurs, dans un unique emplacement situ\u00e9 \u00e0 Paris, notre cabinet d&rsquo;expertise comptable vous apportera un service de qualit\u00e9, parfaitement adapt\u00e9 \u00e0 vos &hellip; <\/p>\n<p class=\"link-more\"><a href=\"https:\/\/esn-ssii.expert-comptable.com\/\" class=\"more-link\">Continuer la lecture<span class=\"screen-reader-text\"> de &laquo;&nbsp;Le cabinet&nbsp;&raquo;<\/span><\/a><\/p>\n","protected":false},"author":2,"featured_media":0,"parent":0,"menu_order":0,"comment_status":"closed","ping_status":"closed","template":"","meta":{"footnotes":""},"yst_prominent_words":[273,45,34,31,25,43,108,35,14,46],"class_list":["post-417","page","type-page","status-publish","hentry"],"_links":{"self":[{"href":"https:\/\/esn-ssii.expert-comptable.com\/index.php\/wp-json\/wp\/v2\/pages\/417","targetHints":{"allow":["GET"]}}],"collection":[{"href":"https:\/\/esn-ssii.expert-comptable.com\/index.php\/wp-json\/wp\/v2\/pages"}],"about":[{"href":"https:\/\/esn-ssii.expert-comptable.com\/index.php\/wp-json\/wp\/v2\/types\/page"}],"author":[{"embeddable":true,"href":"https:\/\/esn-ssii.expert-comptable.com\/index.php\/wp-json\/wp\/v2\/users\/2"}],"replies":[{"embeddable":true,"href":"https:\/\/esn-ssii.expert-comptable.com\/index.php\/wp-json\/wp\/v2\/comments?post=417"}],"version-history":[{"count":37,"href":"https:\/\/esn-ssii.expert-comptable.com\/index.php\/wp-json\/wp\/v2\/pages\/417\/revisions"}],"predecessor-version":[{"id":737,"href":"https:\/\/esn-ssii.expert-comptable.com\/index.php\/wp-json\/wp\/v2\/pages\/417\/revisions\/737"}],"wp:attachment":[{"href":"https:\/\/esn-ssii.expert-comptable.com\/index.php\/wp-json\/wp\/v2\/media?parent=417"}],"wp:term":[{"taxonomy":"yst_prominent_words","embeddable":true,"href":"https:\/\/esn-ssii.expert-comptable.com\/index.php\/wp-json\/wp\/v2\/yst_prominent_words?post=417"}],"curies":[{"name":"wp","href":"https:\/\/api.w.org\/{rel}","templated":true}]}}