{"id":629,"date":"2022-01-02T10:44:59","date_gmt":"2022-01-02T09:44:59","guid":{"rendered":"https:\/\/esn-ssii.expert-comptable.com\/?page_id=629"},"modified":"2022-01-02T10:44:59","modified_gmt":"2022-01-02T09:44:59","slug":"comptabilite-en-ligne","status":"publish","type":"page","link":"https:\/\/esn-ssii.expert-comptable.com\/index.php\/comptabilite-en-ligne\/","title":{"rendered":"Comptabilit\u00e9 en ligne"},"content":{"rendered":"<div class=\"entry-content\">\n<p>Pouvoir acc\u00e9der \u00e0 sa comptabilit\u00e9 en ligne \u00e0 tout moment ? C\u2019est possible !<\/p>\n<p>Nous utilisons une gamme homog\u00e8ne de logiciels professionnels en mode distant.<\/p>\n<p>Ce fonctionnement nous permet de vous ouvrir un acc\u00e8s internet \u00e0 votre comptabilit\u00e9. Ainsi, vous pourrez acc\u00e9der librement et \u00e0 tout moment \u00e0 la comptabilit\u00e9 de votre soci\u00e9t\u00e9 et consulter par exemple les comptes clients ou fournisseurs selon une p\u00e9riodicit\u00e9 convenue ensemble.<\/p>\n<p>Si vous le souhaitez, vous aurez \u00e9galement la possibilit\u00e9 de tenir vous-m\u00eame vos comptes et nous confier leur r\u00e9vision et l\u2019\u00e9tablissement du bilan de fin d\u2019ann\u00e9e (et naturellement des situations interm\u00e9diaires \u00e9ventuelles).<\/p>\n<\/div>\n","protected":false},"excerpt":{"rendered":"<p>Pouvoir acc\u00e9der \u00e0 sa comptabilit\u00e9 en ligne \u00e0 tout moment ? C\u2019est possible ! Nous utilisons une gamme homog\u00e8ne de logiciels professionnels en mode distant. Ce fonctionnement nous permet de vous ouvrir un acc\u00e8s internet \u00e0 votre comptabilit\u00e9. Ainsi, vous pourrez acc\u00e9der librement et \u00e0 tout moment \u00e0 la comptabilit\u00e9 de votre soci\u00e9t\u00e9 et consulter &hellip; <\/p>\n<p class=\"link-more\"><a href=\"https:\/\/esn-ssii.expert-comptable.com\/index.php\/comptabilite-en-ligne\/\" class=\"more-link\">Continuer la lecture<span class=\"screen-reader-text\"> de &laquo;&nbsp;Comptabilit\u00e9 en ligne&nbsp;&raquo;<\/span><\/a><\/p>\n","protected":false},"author":2,"featured_media":0,"parent":0,"menu_order":0,"comment_status":"closed","ping_status":"closed","template":"","meta":{"footnotes":""},"yst_prominent_words":[],"class_list":["post-629","page","type-page","status-publish","hentry"],"_links":{"self":[{"href":"https:\/\/esn-ssii.expert-comptable.com\/index.php\/wp-json\/wp\/v2\/pages\/629","targetHints":{"allow":["GET"]}}],"collection":[{"href":"https:\/\/esn-ssii.expert-comptable.com\/index.php\/wp-json\/wp\/v2\/pages"}],"about":[{"href":"https:\/\/esn-ssii.expert-comptable.com\/index.php\/wp-json\/wp\/v2\/types\/page"}],"author":[{"embeddable":true,"href":"https:\/\/esn-ssii.expert-comptable.com\/index.php\/wp-json\/wp\/v2\/users\/2"}],"replies":[{"embeddable":true,"href":"https:\/\/esn-ssii.expert-comptable.com\/index.php\/wp-json\/wp\/v2\/comments?post=629"}],"version-history":[{"count":1,"href":"https:\/\/esn-ssii.expert-comptable.com\/index.php\/wp-json\/wp\/v2\/pages\/629\/revisions"}],"predecessor-version":[{"id":631,"href":"https:\/\/esn-ssii.expert-comptable.com\/index.php\/wp-json\/wp\/v2\/pages\/629\/revisions\/631"}],"wp:attachment":[{"href":"https:\/\/esn-ssii.expert-comptable.com\/index.php\/wp-json\/wp\/v2\/media?parent=629"}],"wp:term":[{"taxonomy":"yst_prominent_words","embeddable":true,"href":"https:\/\/esn-ssii.expert-comptable.com\/index.php\/wp-json\/wp\/v2\/yst_prominent_words?post=629"}],"curies":[{"name":"wp","href":"https:\/\/api.w.org\/{rel}","templated":true}]}}