{"id":73,"date":"2017-08-08T06:39:32","date_gmt":"2017-08-08T04:39:32","guid":{"rendered":"http:\/\/esn-ssii.expert-comptable.com\/?page_id=73"},"modified":"2017-10-14T08:49:52","modified_gmt":"2017-10-14T06:49:52","slug":"gerant-tns-rsi-cipav","status":"publish","type":"page","link":"https:\/\/esn-ssii.expert-comptable.com\/index.php\/gerant-tns-rsi-cipav\/","title":{"rendered":"Gestion du volet social et fiscal du dirigeant TNS"},"content":{"rendered":"<p>Vous relevez du <strong>r\u00e9gime des Travailleurs Non Salari\u00e9s (TNS)<\/strong> en raison de la forme juridique de votre soci\u00e9t\u00e9 et de votre pourcentage de <img loading=\"lazy\" decoding=\"async\" class=\"alignright wp-image-144\" src=\"http:\/\/esn-ssii.expert-comptable.com\/wp-content\/uploads\/2017\/08\/urssaf-charges-sociales.jpg\" alt=\"Les charges sociales du dirigeant TNS RSI CIPAV\" width=\"125\" height=\"94\" \/>d\u00e9tention\u00a0 ? Alors vous cotiserez obligatoirement\u00a0 au R\u00e9gime Social des Ind\u00e9pendants (<a href=\"https:\/\/www.rsi.fr\/\" target=\"_blank\" rel=\"noopener\">RSI<\/a>). La <a href=\"https:\/\/www.lacipav.fr\/\" target=\"_blank\" rel=\"noopener\">CIPAV<\/a> sera probablement votre caisse obligatoire pour la retraite et la pr\u00e9voyance !<\/p>\n<h1>Le TNS a-t-il des avantages ou des inconv\u00e9nients \u00e0 relever du R\u00e9gime Social des Ind\u00e9pendants (RSI) ?<\/h1>\n<p>Contrairement \u00e0 certaines id\u00e9es re\u00e7ues, cette affiliation, si elle est bien g\u00e9r\u00e9e, peut \u00eatre un atout ! En effet, le taux de charges sociales touchant les g\u00e9rants majoritaires ou les entrepreneurs individuels est inf\u00e9rieur \u00e0 celui des dirigeants assimil\u00e9s salari\u00e9s (g\u00e9rants minoritaires ou \u00e9galitaires, pr\u00e9sidents, directeurs g\u00e9n\u00e9raux&#8230;). En revanche, les appels de cotisations du RSI et de la CIPAV seront parfois hasardeux. La protection sociale globale sera moindre. Ce sont les raisons pour lesquelles les dirigeants TNS sont souvent fortement m\u00e9contents de leur r\u00e9gime social.<\/p>\n<p>Notre cabinet saura :<\/p>\n<ul>\n<li>contr\u00f4ler les appels du RSI et de la CIPAV,<\/li>\n<li>anticiper les p\u00e9riodes de paiement,<\/li>\n<li>et vous assister dans l&rsquo;am\u00e9lioration de votre protection sociale (recours \u00e0 des contrats dits \u00ab\u00a0Loi Madelin\u00a0\u00bb pour la mutuelle, la pr\u00e9voyance et\/ou la retraite).<\/li>\n<\/ul>\n<h1>Le TNS peut-il compl\u00e9ter sa protection sociale RSI ? Peut-il faire autrement ?<\/h1>\n<p>Si vous ne souhaitez pas compl\u00e9ter votre protection sociale en mati\u00e8re de retraite, nous saurons vous proposer des montages financiers permettant d&rsquo;investir \u00e0 moindre co\u00fbt dans l&rsquo;immobilier par exemple :<\/p>\n<ul>\n<li>l&rsquo;\u00e9conomie de charges sociales sera alors transform\u00e9e en apport,<\/li>\n<li>le recours \u00e0 l&#8217;emprunt bancaire permettant d&rsquo;utiliser l&rsquo;effet de levier financier \u00e0 bon escient !<\/li>\n<\/ul>\n<p>Naturellement, ce type de montage n\u00e9cessitera au pr\u00e9alable d&rsquo;\u00e9tudier la structure financi\u00e8re de votre soci\u00e9t\u00e9 de services informatiques. Le financement de son besoin en fonds de roulement et de ses perspectives d&rsquo;\u00e9volution devront notamment analys\u00e9s.<\/p>\n<p>&nbsp;<\/p>\n<p><strong>En d&rsquo;autres termes, l&rsquo;affiliation au r\u00e9gime social des ind\u00e9pendants (RSI) pourra devenir un avantage ! Notre cabinet d&rsquo;expertise comptable, sp\u00e9cialis\u00e9 dans le secteur ESN \/ SSII, vous aidera \u00e0 prendre LA bonne d\u00e9cision, celle qui convient \u00e0 votre profil et \u00e0 votre projet.<\/strong><\/p>\n","protected":false},"excerpt":{"rendered":"<p>Vous relevez du r\u00e9gime des Travailleurs Non Salari\u00e9s (TNS) en raison de la forme juridique de votre soci\u00e9t\u00e9 et de votre pourcentage de d\u00e9tention\u00a0 ? Alors vous cotiserez obligatoirement\u00a0 au R\u00e9gime Social des Ind\u00e9pendants (RSI). La CIPAV sera probablement votre caisse obligatoire pour la retraite et la pr\u00e9voyance ! Le TNS a-t-il des avantages ou &hellip; <\/p>\n<p class=\"link-more\"><a href=\"https:\/\/esn-ssii.expert-comptable.com\/index.php\/gerant-tns-rsi-cipav\/\" class=\"more-link\">Continuer la lecture<span class=\"screen-reader-text\"> de &laquo;&nbsp;Gestion du volet social et fiscal du dirigeant TNS&nbsp;&raquo;<\/span><\/a><\/p>\n","protected":false},"author":2,"featured_media":0,"parent":0,"menu_order":0,"comment_status":"open","ping_status":"closed","template":"","meta":{"footnotes":""},"yst_prominent_words":[125,127,132,124,129,122,65,121,118,117,128,126,120,107,24,123,119,105,12,131],"class_list":["post-73","page","type-page","status-publish","hentry"],"_links":{"self":[{"href":"https:\/\/esn-ssii.expert-comptable.com\/index.php\/wp-json\/wp\/v2\/pages\/73","targetHints":{"allow":["GET"]}}],"collection":[{"href":"https:\/\/esn-ssii.expert-comptable.com\/index.php\/wp-json\/wp\/v2\/pages"}],"about":[{"href":"https:\/\/esn-ssii.expert-comptable.com\/index.php\/wp-json\/wp\/v2\/types\/page"}],"author":[{"embeddable":true,"href":"https:\/\/esn-ssii.expert-comptable.com\/index.php\/wp-json\/wp\/v2\/users\/2"}],"replies":[{"embeddable":true,"href":"https:\/\/esn-ssii.expert-comptable.com\/index.php\/wp-json\/wp\/v2\/comments?post=73"}],"version-history":[{"count":27,"href":"https:\/\/esn-ssii.expert-comptable.com\/index.php\/wp-json\/wp\/v2\/pages\/73\/revisions"}],"predecessor-version":[{"id":320,"href":"https:\/\/esn-ssii.expert-comptable.com\/index.php\/wp-json\/wp\/v2\/pages\/73\/revisions\/320"}],"wp:attachment":[{"href":"https:\/\/esn-ssii.expert-comptable.com\/index.php\/wp-json\/wp\/v2\/media?parent=73"}],"wp:term":[{"taxonomy":"yst_prominent_words","embeddable":true,"href":"https:\/\/esn-ssii.expert-comptable.com\/index.php\/wp-json\/wp\/v2\/yst_prominent_words?post=73"}],"curies":[{"name":"wp","href":"https:\/\/api.w.org\/{rel}","templated":true}]}}