{"id":78,"date":"2017-08-08T07:05:43","date_gmt":"2017-08-08T05:05:43","guid":{"rendered":"http:\/\/esn-ssii.expert-comptable.com\/?page_id=78"},"modified":"2017-10-14T08:46:34","modified_gmt":"2017-10-14T06:46:34","slug":"audit-d-acquisition-societe-acheter","status":"publish","type":"page","link":"https:\/\/esn-ssii.expert-comptable.com\/index.php\/audit-d-acquisition-societe-acheter\/","title":{"rendered":"Audit d&rsquo;acquisition"},"content":{"rendered":"<p>Vous souhaitez acqu\u00e9rir une soci\u00e9t\u00e9 de services en ing\u00e9nierie informatique (SSII \/ ESN) ? Pourquoi pas ! Mais pas avant d&rsquo;avoir entre les mains un <strong>rapport d&rsquo;audit d&rsquo;acquisition<\/strong> !<img loading=\"lazy\" decoding=\"async\" class=\"alignright wp-image-141\" src=\"http:\/\/esn-ssii.expert-comptable.com\/wp-content\/uploads\/2017\/08\/auditer.png\" alt=\"audit d'acquisition d'une soci\u00e9t\u00e9 par un cabinet d'expertise comptable sp\u00e9cialis\u00e9 en SSII ESN\" width=\"123\" height=\"110\" \/><\/p>\n<p>En effet, il vous faut \u00e9tudier au pr\u00e9alable les nombreux aspects qui entourent cet investissement !<\/p>\n<h1>D\u00e9finition de l&rsquo;audit d&rsquo;acquisition<\/h1>\n<p>Un <strong>audit d&rsquo;acquisition<\/strong> doit \u00eatre imp\u00e9rativement effectu\u00e9 afin de limiter les risques inh\u00e9rents \u00e0 cette op\u00e9ration. Il s&rsquo;agira de mettre en \u00e9vidence les risques soulev\u00e9s lors de l&rsquo;analyse des points s\u00e9lectionn\u00e9s et de v\u00e9rifier les informations \/ affirmations \u00e9manant du vendeur. L&rsquo;audit permettra en outre d&rsquo;obtenir des informations compl\u00e9mentaires sur la soci\u00e9t\u00e9 cible. Un rapport d&rsquo;audit sera alors r\u00e9dig\u00e9 et servira de base \u00e0 la n\u00e9gociation future. Dans certains cas, il pourra conduire \u00e0 abandonner l&rsquo;op\u00e9ration d&rsquo;acquisition projet\u00e9e.<\/p>\n<p>Cette enqu\u00eate touchera les diff\u00e9rentes facettes de l&rsquo;entreprise : la partie commerciale \/ production \/ moyens humains. Les volets juridique, fiscal, social, comptable et financier seront \u00e9galement \u00e9tudi\u00e9s.<\/p>\n<h1>L&rsquo;implication de l&rsquo;acqu\u00e9reur \u00e0 l&rsquo;audit de la soci\u00e9t\u00e9 cible est indispensable<\/h1>\n<p>Votre participation \u00e0 l&rsquo;audit d&rsquo;acquisition sera essentielle et un partage des t\u00e2ches entre vous et nous sera effectu\u00e9 en fonction des objectifs fix\u00e9s. Bien \u00e9videmment, nous \u00e9changerons fortement au cours de la mission au sein de laquelle vous aurez une place significative. Il est en effet indispensable que vous interveniez durant l&rsquo;audit afin que nous \u00e9changions fr\u00e9quemment sur les points relev\u00e9s.<\/p>\n<p>L&rsquo;intervention ponctuelle d&rsquo;un avocat pourra s&rsquo;av\u00e9rer opportune pour \u00e9tudier les contrats commerciaux par exemple.<\/p>\n<h1>Le montage juridique<\/h1>\n<p>Par ailleurs, une fois l&rsquo;audit d&rsquo;acquisition diligent\u00e9 avec une conclusion positive, il nous faudra \u00e9tudier ensemble le montage juridique, fiscal et social qui vous conviendra le mieux. Le recours \u00e0 une soci\u00e9t\u00e9 holding sera vraisemblable. En revanche, la forme juridique de cette derni\u00e8re m\u00e9ritera une r\u00e9flexion personnalis\u00e9e. Par ailleurs, il ne faudrait pas \u00e9carter l&rsquo;\u00e9ventuelle transformation de la cible pr\u00e9alablement \u00e0 son acquisition.<\/p>\n<p>Le recours \u00e0 un avocat sera alors n\u00e9cessaire pour r\u00e9diger les actes juridiques, le professionnel du Droit apportant son expertise professionnelle. Notre cabinet d&rsquo;expertise comptable et d&rsquo;audit, inscrit \u00e0 l&rsquo;Ordre des Experts Comptables mais \u00e9galement \u00e0 la <a href=\"http:\/\/www.crcc-paris.fr\" target=\"_blank\" rel=\"noopener\">Compagnie des Commissaires aux Comptes<\/a> (audit l\u00e9gal), participera alors activement aux <strong>s\u00e9ances de travail pluri-professionnelles afin que\u00a0 votre projet soit finalis\u00e9 dans les meilleures conditions<\/strong> !<\/p>\n","protected":false},"excerpt":{"rendered":"<p>Vous souhaitez acqu\u00e9rir une soci\u00e9t\u00e9 de services en ing\u00e9nierie informatique (SSII \/ ESN) ? Pourquoi pas ! Mais pas avant d&rsquo;avoir entre les mains un rapport d&rsquo;audit d&rsquo;acquisition ! En effet, il vous faut \u00e9tudier au pr\u00e9alable les nombreux aspects qui entourent cet investissement ! D\u00e9finition de l&rsquo;audit d&rsquo;acquisition Un audit d&rsquo;acquisition doit \u00eatre imp\u00e9rativement &hellip; <\/p>\n<p class=\"link-more\"><a href=\"https:\/\/esn-ssii.expert-comptable.com\/index.php\/audit-d-acquisition-societe-acheter\/\" class=\"more-link\">Continuer la lecture<span class=\"screen-reader-text\"> de &laquo;&nbsp;Audit d&rsquo;acquisition&nbsp;&raquo;<\/span><\/a><\/p>\n","protected":false},"author":2,"featured_media":0,"parent":0,"menu_order":0,"comment_status":"open","ping_status":"closed","template":"","meta":{"footnotes":""},"yst_prominent_words":[67,22,10,13,18,16,17,23,21,14,9,11,28,68,20,15,8,19,12,69],"class_list":["post-78","page","type-page","status-publish","hentry"],"_links":{"self":[{"href":"https:\/\/esn-ssii.expert-comptable.com\/index.php\/wp-json\/wp\/v2\/pages\/78","targetHints":{"allow":["GET"]}}],"collection":[{"href":"https:\/\/esn-ssii.expert-comptable.com\/index.php\/wp-json\/wp\/v2\/pages"}],"about":[{"href":"https:\/\/esn-ssii.expert-comptable.com\/index.php\/wp-json\/wp\/v2\/types\/page"}],"author":[{"embeddable":true,"href":"https:\/\/esn-ssii.expert-comptable.com\/index.php\/wp-json\/wp\/v2\/users\/2"}],"replies":[{"embeddable":true,"href":"https:\/\/esn-ssii.expert-comptable.com\/index.php\/wp-json\/wp\/v2\/comments?post=78"}],"version-history":[{"count":23,"href":"https:\/\/esn-ssii.expert-comptable.com\/index.php\/wp-json\/wp\/v2\/pages\/78\/revisions"}],"predecessor-version":[{"id":311,"href":"https:\/\/esn-ssii.expert-comptable.com\/index.php\/wp-json\/wp\/v2\/pages\/78\/revisions\/311"}],"wp:attachment":[{"href":"https:\/\/esn-ssii.expert-comptable.com\/index.php\/wp-json\/wp\/v2\/media?parent=78"}],"wp:term":[{"taxonomy":"yst_prominent_words","embeddable":true,"href":"https:\/\/esn-ssii.expert-comptable.com\/index.php\/wp-json\/wp\/v2\/yst_prominent_words?post=78"}],"curies":[{"name":"wp","href":"https:\/\/api.w.org\/{rel}","templated":true}]}}